{"id":3187,"date":"2023-02-28T13:07:45","date_gmt":"2023-02-28T12:07:45","guid":{"rendered":"https:\/\/www.blackcarol.com\/?post_type=product&#038;p=3187"},"modified":"2023-07-04T12:01:44","modified_gmt":"2023-07-04T10:01:44","slug":"3187","status":"publish","type":"product","link":"https:\/\/www.blackcarol.com\/index.php\/product\/3187\/","title":{"rendered":"SM08"},"content":{"rendered":"<p>Szelki- handcrafted, z naturaln\u0105 sk\u00f3r\u0105, metalowa metka.<\/p>\n","protected":false},"excerpt":{"rendered":"<p>Szelki- handcrafted, z naturaln\u0105 sk\u00f3r\u0105, metalowa metka.<\/p>\n","protected":false},"featured_media":3192,"comment_status":"open","ping_status":"closed","template":"","meta":[],"product_brand":[],"product_cat":[168,170],"product_tag":[174,176,175],"class_list":{"0":"post-3187","1":"product","2":"type-product","3":"status-publish","4":"has-post-thumbnail","6":"product_cat-suspenders","7":"product_cat-szelki","8":"product_tag-meskie-szelki","9":"product_tag-oryginalne-szelki","10":"product_tag-szelki","12":"first","13":"instock","14":"taxable","15":"shipping-taxable","16":"purchasable","17":"product-type-simple"},"_links":{"self":[{"href":"https:\/\/www.blackcarol.com\/index.php\/wp-json\/wp\/v2\/product\/3187","targetHints":{"allow":["GET"]}}],"collection":[{"href":"https:\/\/www.blackcarol.com\/index.php\/wp-json\/wp\/v2\/product"}],"about":[{"href":"https:\/\/www.blackcarol.com\/index.php\/wp-json\/wp\/v2\/types\/product"}],"replies":[{"embeddable":true,"href":"https:\/\/www.blackcarol.com\/index.php\/wp-json\/wp\/v2\/comments?post=3187"}],"wp:featuredmedia":[{"embeddable":true,"href":"https:\/\/www.blackcarol.com\/index.php\/wp-json\/wp\/v2\/media\/3192"}],"wp:attachment":[{"href":"https:\/\/www.blackcarol.com\/index.php\/wp-json\/wp\/v2\/media?parent=3187"}],"wp:term":[{"taxonomy":"product_brand","embeddable":true,"href":"https:\/\/www.blackcarol.com\/index.php\/wp-json\/wp\/v2\/product_brand?post=3187"},{"taxonomy":"product_cat","embeddable":true,"href":"https:\/\/www.blackcarol.com\/index.php\/wp-json\/wp\/v2\/product_cat?post=3187"},{"taxonomy":"product_tag","embeddable":true,"href":"https:\/\/www.blackcarol.com\/index.php\/wp-json\/wp\/v2\/product_tag?post=3187"}],"curies":[{"name":"wp","href":"https:\/\/api.w.org\/{rel}","templated":true}]}}