{"id":3198,"date":"2023-03-02T18:54:33","date_gmt":"2023-03-02T17:54:33","guid":{"rendered":"https:\/\/www.blackcarol.com\/?post_type=product&#038;p=3198"},"modified":"2023-07-04T12:01:13","modified_gmt":"2023-07-04T10:01:13","slug":"sm012","status":"publish","type":"product","link":"https:\/\/www.blackcarol.com\/index.php\/product\/sm012\/","title":{"rendered":"Sm012"},"content":{"rendered":"<p>Szelki handcrafted z naturaln\u0105 sk\u00f3r\u0105 i metalow\u0105 czaszk\u0105-kryszta\u0142ki Swarovskiego.<\/p>\n","protected":false},"excerpt":{"rendered":"<p>Szelki handcrafted z naturaln\u0105 sk\u00f3r\u0105 i metalow\u0105 czaszk\u0105-kryszta\u0142ki Swarovskiego.<\/p>\n","protected":false},"featured_media":3199,"comment_status":"open","ping_status":"closed","template":"","meta":[],"product_brand":[],"product_cat":[168,170],"product_tag":[],"class_list":{"0":"post-3198","1":"product","2":"type-product","3":"status-publish","4":"has-post-thumbnail","6":"product_cat-suspenders","7":"product_cat-szelki","9":"first","10":"instock","11":"taxable","12":"shipping-taxable","13":"purchasable","14":"product-type-simple"},"_links":{"self":[{"href":"https:\/\/www.blackcarol.com\/index.php\/wp-json\/wp\/v2\/product\/3198","targetHints":{"allow":["GET"]}}],"collection":[{"href":"https:\/\/www.blackcarol.com\/index.php\/wp-json\/wp\/v2\/product"}],"about":[{"href":"https:\/\/www.blackcarol.com\/index.php\/wp-json\/wp\/v2\/types\/product"}],"replies":[{"embeddable":true,"href":"https:\/\/www.blackcarol.com\/index.php\/wp-json\/wp\/v2\/comments?post=3198"}],"wp:featuredmedia":[{"embeddable":true,"href":"https:\/\/www.blackcarol.com\/index.php\/wp-json\/wp\/v2\/media\/3199"}],"wp:attachment":[{"href":"https:\/\/www.blackcarol.com\/index.php\/wp-json\/wp\/v2\/media?parent=3198"}],"wp:term":[{"taxonomy":"product_brand","embeddable":true,"href":"https:\/\/www.blackcarol.com\/index.php\/wp-json\/wp\/v2\/product_brand?post=3198"},{"taxonomy":"product_cat","embeddable":true,"href":"https:\/\/www.blackcarol.com\/index.php\/wp-json\/wp\/v2\/product_cat?post=3198"},{"taxonomy":"product_tag","embeddable":true,"href":"https:\/\/www.blackcarol.com\/index.php\/wp-json\/wp\/v2\/product_tag?post=3198"}],"curies":[{"name":"wp","href":"https:\/\/api.w.org\/{rel}","templated":true}]}}