{"id":3284,"date":"2023-05-18T09:02:14","date_gmt":"2023-05-18T07:02:14","guid":{"rendered":"https:\/\/www.blackcarol.com\/?post_type=product&#038;p=3284"},"modified":"2023-06-14T18:30:01","modified_gmt":"2023-06-14T16:30:01","slug":"category-womens-tshirts-supima-2","status":"publish","type":"product","link":"https:\/\/www.blackcarol.com\/index.php\/product\/category-womens-tshirts-supima-2\/","title":{"rendered":"TSD211"},"content":{"rendered":"<p>Supima zdecydowanie wyr\u00f3\u017cnia si\u0119 na ich tle, nie tylko przez wzgl\u0105d na jej wyj\u0105tkowe w\u0142a\u015bciwo\u015bci i trwa\u0142o\u015b\u0107, ale tak\u017ce na ekologiczny proces uprawy. Stanowi ona jedynie 1% ca\u0142ej bawe\u0142ny uprawianej na \u015bwiecie i jest uprawiana w USA.<\/p>\n<p>Najtrwalsza i najrzadsza bawe\u0142na swiata.<\/p>\n<p>Pra\u0107 chemicznie &#8211; ze wzgl\u0119du na metk\u0119 sk\u00f3rzan\u0105 i kryszta\u0142ki.<\/p>\n","protected":false},"excerpt":{"rendered":"<p>Supima zdecydowanie wyr\u00f3\u017cnia si\u0119 na ich tle, nie tylko przez wzgl\u0105d na jej wyj\u0105tkowe w\u0142a\u015bciwo\u015bci i trwa\u0142o\u015b\u0107, ale tak\u017ce na ekologiczny proces uprawy. Stanowi ona jedynie 1% ca\u0142ej bawe\u0142ny uprawianej na \u015bwiecie i jest uprawiana w USA. Najtrwalsza i najrzadsza bawe\u0142na swiata. Pra\u0107 chemicznie &#8211; ze wzgl\u0119du na metk\u0119 sk\u00f3rzan\u0105<\/p>\n","protected":false},"featured_media":3285,"comment_status":"open","ping_status":"closed","template":"","meta":[],"product_brand":[],"product_cat":[140,189,177],"product_tag":[179,182,178,180],"class_list":{"0":"post-3284","1":"product","2":"type-product","3":"status-publish","4":"has-post-thumbnail","6":"product_cat-blackcarol","7":"product_cat-supima-womens-t-shirts","8":"product_cat-womens-t-shirts","9":"product_tag-bawelna-supima","10":"product_tag-supima","11":"product_tag-supima-cotton","12":"product_tag-t-shirt-z-supimy","14":"first","15":"instock","16":"taxable","17":"shipping-taxable","18":"purchasable","19":"product-type-simple"},"_links":{"self":[{"href":"https:\/\/www.blackcarol.com\/index.php\/wp-json\/wp\/v2\/product\/3284","targetHints":{"allow":["GET"]}}],"collection":[{"href":"https:\/\/www.blackcarol.com\/index.php\/wp-json\/wp\/v2\/product"}],"about":[{"href":"https:\/\/www.blackcarol.com\/index.php\/wp-json\/wp\/v2\/types\/product"}],"replies":[{"embeddable":true,"href":"https:\/\/www.blackcarol.com\/index.php\/wp-json\/wp\/v2\/comments?post=3284"}],"wp:featuredmedia":[{"embeddable":true,"href":"https:\/\/www.blackcarol.com\/index.php\/wp-json\/wp\/v2\/media\/3285"}],"wp:attachment":[{"href":"https:\/\/www.blackcarol.com\/index.php\/wp-json\/wp\/v2\/media?parent=3284"}],"wp:term":[{"taxonomy":"product_brand","embeddable":true,"href":"https:\/\/www.blackcarol.com\/index.php\/wp-json\/wp\/v2\/product_brand?post=3284"},{"taxonomy":"product_cat","embeddable":true,"href":"https:\/\/www.blackcarol.com\/index.php\/wp-json\/wp\/v2\/product_cat?post=3284"},{"taxonomy":"product_tag","embeddable":true,"href":"https:\/\/www.blackcarol.com\/index.php\/wp-json\/wp\/v2\/product_tag?post=3284"}],"curies":[{"name":"wp","href":"https:\/\/api.w.org\/{rel}","templated":true}]}}