{"id":3363,"date":"2023-06-22T18:56:23","date_gmt":"2023-06-22T16:56:23","guid":{"rendered":"https:\/\/www.blackcarol.com\/?post_type=product&#038;p=3363"},"modified":"2025-10-20T14:13:24","modified_gmt":"2025-10-20T12:13:24","slug":"tms042-kopia","status":"publish","type":"product","link":"https:\/\/www.blackcarol.com\/index.php\/product\/tms042-kopia\/","title":{"rendered":"TMB044"},"content":{"rendered":"","protected":false},"excerpt":{"rendered":"<p>T-shirt-100%Supima- jest dwa razy mocniejsza ni\u017c zwyk\u0142a bawe\u0142na, co sprawia, \u017ce \u200b\u200bprodukty s\u0105 niezwykle spr\u0119\u017cyste. D\u0142u\u017csze w\u0142\u00f3kno jest odporne na ci\u0105gni\u0119cie, \u0142amanie i rozdzieranie, dzi\u0119ki czemu produkty modowe i domowe s\u0105 niezwykle spr\u0119\u017cyste i zachowuj\u0105 sw\u00f3j kszta\u0142t, co zapewnia d\u0142u\u017csz\u0105 \u017cywotno\u015b\u0107.<\/p>\n<p>Nie wszystkie bawe\u0142ny s\u0105 sobie r\u00f3wne.\u00a0Bawe\u0142na Supima to najwy\u017cszej jako\u015bci bawe\u0142na uprawiana w USA.\u00a0Stanowi mniej ni\u017c 1% bawe\u0142ny uprawianej na \u015bwiecie.\u00a0To, co sprawia, \u017ce \u200b\u200bSupima jest wyj\u0105tkowa w por\u00f3wnaniu z innymi bawe\u0142nami, to bardzo d\u0142ugie w\u0142\u00f3kno staplowe, kt\u00f3re nadaje bawe\u0142nie jej doskona\u0142e w\u0142a\u015bciwo\u015bci: wytrzyma\u0142o\u015b\u0107, mi\u0119kko\u015b\u0107 i trwa\u0142o\u015b\u0107 koloru.<\/p>\n<p>Pra\u0107 w 30-40 stopniach.<\/p>\n<p>Dekolt w kszta\u0142cie &#8220;U&#8221;<\/p>\n","protected":false},"featured_media":4043,"comment_status":"open","ping_status":"closed","template":"","meta":[],"product_brand":[],"product_cat":[163,164],"product_tag":[179,182,178,193,195,180],"class_list":{"0":"post-3363","1":"product","2":"type-product","3":"status-publish","4":"has-post-thumbnail","6":"product_cat-mens-tshirts","7":"product_cat-supima","8":"product_tag-bawelna-supima","9":"product_tag-supima","10":"product_tag-supima-cotton","11":"product_tag-t-shirt-meski","12":"product_tag-t-shirt-z-bawelny","13":"product_tag-t-shirt-z-supimy","15":"first","16":"instock","17":"taxable","18":"shipping-taxable","19":"purchasable","20":"product-type-simple"},"_links":{"self":[{"href":"https:\/\/www.blackcarol.com\/index.php\/wp-json\/wp\/v2\/product\/3363","targetHints":{"allow":["GET"]}}],"collection":[{"href":"https:\/\/www.blackcarol.com\/index.php\/wp-json\/wp\/v2\/product"}],"about":[{"href":"https:\/\/www.blackcarol.com\/index.php\/wp-json\/wp\/v2\/types\/product"}],"replies":[{"embeddable":true,"href":"https:\/\/www.blackcarol.com\/index.php\/wp-json\/wp\/v2\/comments?post=3363"}],"wp:featuredmedia":[{"embeddable":true,"href":"https:\/\/www.blackcarol.com\/index.php\/wp-json\/wp\/v2\/media\/4043"}],"wp:attachment":[{"href":"https:\/\/www.blackcarol.com\/index.php\/wp-json\/wp\/v2\/media?parent=3363"}],"wp:term":[{"taxonomy":"product_brand","embeddable":true,"href":"https:\/\/www.blackcarol.com\/index.php\/wp-json\/wp\/v2\/product_brand?post=3363"},{"taxonomy":"product_cat","embeddable":true,"href":"https:\/\/www.blackcarol.com\/index.php\/wp-json\/wp\/v2\/product_cat?post=3363"},{"taxonomy":"product_tag","embeddable":true,"href":"https:\/\/www.blackcarol.com\/index.php\/wp-json\/wp\/v2\/product_tag?post=3363"}],"curies":[{"name":"wp","href":"https:\/\/api.w.org\/{rel}","templated":true}]}}