{"id":3474,"date":"2023-10-27T14:42:50","date_gmt":"2023-10-27T12:42:50","guid":{"rendered":"https:\/\/www.blackcarol.com\/?post_type=product&#038;p=3474"},"modified":"2023-10-27T14:42:52","modified_gmt":"2023-10-27T12:42:52","slug":"3474","status":"publish","type":"product","link":"https:\/\/www.blackcarol.com\/index.php\/product\/3474\/","title":{"rendered":""},"content":{"rendered":"<p>T-shirt 100% Supima,<\/p>\n","protected":false},"excerpt":{"rendered":"<p>T-shirt SUPIMA 100%- jest dwa razy mocniejsza ni\u017c zwyk\u0142a bawe\u0142na, co sprawia, \u017ce \u200b\u200bprodukty s\u0105 niezwykle spr\u0119\u017cyste. D\u0142u\u017csze w\u0142\u00f3kno jest odporne na ci\u0105gni\u0119cie, \u0142amanie i rozdzieranie, dzi\u0119ki czemu produkty modowe i domowe s\u0105 niezwykle spr\u0119\u017cyste i zachowuj\u0105 sw\u00f3j kszta\u0142t, co zapewnia d\u0142u\u017csz\u0105 \u017cywotno\u015b\u0107.<\/p>\n<p>Nie wszystkie bawe\u0142ny s\u0105 sobie r\u00f3wne.\u00a0Bawe\u0142na Supima to najwy\u017cszej jako\u015bci bawe\u0142na uprawiana w USA.\u00a0Stanowi mniej ni\u017c 1% bawe\u0142ny uprawianej na \u015bwiecie.\u00a0To, co sprawia, \u017ce \u200b\u200bSupima jest wyj\u0105tkowa w por\u00f3wnaniu z innymi bawe\u0142nami, to bardzo d\u0142ugie w\u0142\u00f3kno staplowe, kt\u00f3re nadaje bawe\u0142nie jej doskona\u0142e w\u0142a\u015bciwo\u015bci: wytrzyma\u0142o\u015b\u0107, mi\u0119kko\u015b\u0107 i trwa\u0142o\u015b\u0107 koloru.<\/p>\n<p>Malowany r\u0119cznie- na zam\u00f3wienie.<\/p>\n<p>T-shirt bia\u0142y, czarny.<\/p>\n<p>Z kolorem lub bez.<\/p>\n","protected":false},"featured_media":3475,"comment_status":"open","ping_status":"closed","template":"","meta":[],"product_brand":[],"product_cat":[163,164],"product_tag":[202,220,218,219,203],"class_list":{"0":"post-3474","1":"product","2":"type-product","3":"status-publish","4":"has-post-thumbnail","6":"product_cat-mens-tshirts","7":"product_cat-supima","8":"product_tag-bialy-t-shirt-z-porsche","9":"product_tag-black-carol","10":"product_tag-gt3","11":"product_tag-malowany-t-shirt","12":"product_tag-porsche","14":"first","15":"instock","16":"taxable","17":"shipping-taxable","18":"purchasable","19":"product-type-simple"},"_links":{"self":[{"href":"https:\/\/www.blackcarol.com\/index.php\/wp-json\/wp\/v2\/product\/3474","targetHints":{"allow":["GET"]}}],"collection":[{"href":"https:\/\/www.blackcarol.com\/index.php\/wp-json\/wp\/v2\/product"}],"about":[{"href":"https:\/\/www.blackcarol.com\/index.php\/wp-json\/wp\/v2\/types\/product"}],"replies":[{"embeddable":true,"href":"https:\/\/www.blackcarol.com\/index.php\/wp-json\/wp\/v2\/comments?post=3474"}],"wp:featuredmedia":[{"embeddable":true,"href":"https:\/\/www.blackcarol.com\/index.php\/wp-json\/wp\/v2\/media\/3475"}],"wp:attachment":[{"href":"https:\/\/www.blackcarol.com\/index.php\/wp-json\/wp\/v2\/media?parent=3474"}],"wp:term":[{"taxonomy":"product_brand","embeddable":true,"href":"https:\/\/www.blackcarol.com\/index.php\/wp-json\/wp\/v2\/product_brand?post=3474"},{"taxonomy":"product_cat","embeddable":true,"href":"https:\/\/www.blackcarol.com\/index.php\/wp-json\/wp\/v2\/product_cat?post=3474"},{"taxonomy":"product_tag","embeddable":true,"href":"https:\/\/www.blackcarol.com\/index.php\/wp-json\/wp\/v2\/product_tag?post=3474"}],"curies":[{"name":"wp","href":"https:\/\/api.w.org\/{rel}","templated":true}]}}