{"id":3655,"date":"2024-08-31T19:11:14","date_gmt":"2024-08-31T17:11:14","guid":{"rendered":"https:\/\/www.blackcarol.com\/?post_type=product&#038;p=3655"},"modified":"2024-08-31T19:12:16","modified_gmt":"2024-08-31T17:12:16","slug":"3655","status":"publish","type":"product","link":"https:\/\/www.blackcarol.com\/index.php\/product\/3655\/","title":{"rendered":"KJDB567"},"content":{"rendered":"","protected":false},"excerpt":{"rendered":"<p>Kurtka z jeansu bia\u0142ego.<\/p>\n<p>Obszyta r\u0119cznie, z sk\u00f3rzanymi czaszkami, wykonane z kryszta\u0142kami Swarovskiego, kamieniami, koralikami.<\/p>\n<p>Pra\u0107 na lewej stronie.<\/p>\n","protected":false},"featured_media":3656,"comment_status":"open","ping_status":"closed","template":"","meta":[],"product_brand":[],"product_cat":[169],"product_tag":[220,223,224,225],"class_list":{"0":"post-3655","1":"product","2":"type-product","3":"status-publish","4":"has-post-thumbnail","6":"product_cat-jeans","7":"product_tag-black-carol","8":"product_tag-kurtka-jeansowa","9":"product_tag-kurtka-jeansowa-biala","10":"product_tag-kurtka-jeansowa-damska","12":"first","13":"instock","14":"taxable","15":"shipping-taxable","16":"purchasable","17":"product-type-simple"},"_links":{"self":[{"href":"https:\/\/www.blackcarol.com\/index.php\/wp-json\/wp\/v2\/product\/3655","targetHints":{"allow":["GET"]}}],"collection":[{"href":"https:\/\/www.blackcarol.com\/index.php\/wp-json\/wp\/v2\/product"}],"about":[{"href":"https:\/\/www.blackcarol.com\/index.php\/wp-json\/wp\/v2\/types\/product"}],"replies":[{"embeddable":true,"href":"https:\/\/www.blackcarol.com\/index.php\/wp-json\/wp\/v2\/comments?post=3655"}],"wp:featuredmedia":[{"embeddable":true,"href":"https:\/\/www.blackcarol.com\/index.php\/wp-json\/wp\/v2\/media\/3656"}],"wp:attachment":[{"href":"https:\/\/www.blackcarol.com\/index.php\/wp-json\/wp\/v2\/media?parent=3655"}],"wp:term":[{"taxonomy":"product_brand","embeddable":true,"href":"https:\/\/www.blackcarol.com\/index.php\/wp-json\/wp\/v2\/product_brand?post=3655"},{"taxonomy":"product_cat","embeddable":true,"href":"https:\/\/www.blackcarol.com\/index.php\/wp-json\/wp\/v2\/product_cat?post=3655"},{"taxonomy":"product_tag","embeddable":true,"href":"https:\/\/www.blackcarol.com\/index.php\/wp-json\/wp\/v2\/product_tag?post=3655"}],"curies":[{"name":"wp","href":"https:\/\/api.w.org\/{rel}","templated":true}]}}