{"id":3748,"date":"2024-11-26T13:34:07","date_gmt":"2024-11-26T12:34:07","guid":{"rendered":"https:\/\/www.blackcarol.com\/?post_type=product&#038;p=3748"},"modified":"2024-11-26T13:39:11","modified_gmt":"2024-11-26T12:39:11","slug":"sch209","status":"publish","type":"product","link":"https:\/\/www.blackcarol.com\/index.php\/product\/sch209\/","title":{"rendered":"SCH209"},"content":{"rendered":"","protected":false},"excerpt":{"rendered":"<p>Spodenki z materia\u0142u CHANEL z podszewk\u0105. Pasek z jedwabiu, obszyty r\u0119cznie koralikami.<\/p>\n<p>Rozmiar pasa 60cm<\/p>\n","protected":false},"featured_media":3749,"comment_status":"open","ping_status":"closed","template":"","meta":[],"product_brand":[],"product_cat":[169],"product_tag":[247,245,246,244],"class_list":{"0":"post-3748","1":"product","2":"type-product","3":"status-publish","4":"has-post-thumbnail","6":"product_cat-jeans","7":"product_tag-luksusowe-spodenki-damskie","8":"product_tag-spodenki-damkie","9":"product_tag-spodenki-z-jedwabiem","10":"product_tag-spodenki-z-materialu-chanel","12":"first","13":"instock","14":"taxable","15":"shipping-taxable","16":"purchasable","17":"product-type-simple"},"_links":{"self":[{"href":"https:\/\/www.blackcarol.com\/index.php\/wp-json\/wp\/v2\/product\/3748","targetHints":{"allow":["GET"]}}],"collection":[{"href":"https:\/\/www.blackcarol.com\/index.php\/wp-json\/wp\/v2\/product"}],"about":[{"href":"https:\/\/www.blackcarol.com\/index.php\/wp-json\/wp\/v2\/types\/product"}],"replies":[{"embeddable":true,"href":"https:\/\/www.blackcarol.com\/index.php\/wp-json\/wp\/v2\/comments?post=3748"}],"wp:featuredmedia":[{"embeddable":true,"href":"https:\/\/www.blackcarol.com\/index.php\/wp-json\/wp\/v2\/media\/3749"}],"wp:attachment":[{"href":"https:\/\/www.blackcarol.com\/index.php\/wp-json\/wp\/v2\/media?parent=3748"}],"wp:term":[{"taxonomy":"product_brand","embeddable":true,"href":"https:\/\/www.blackcarol.com\/index.php\/wp-json\/wp\/v2\/product_brand?post=3748"},{"taxonomy":"product_cat","embeddable":true,"href":"https:\/\/www.blackcarol.com\/index.php\/wp-json\/wp\/v2\/product_cat?post=3748"},{"taxonomy":"product_tag","embeddable":true,"href":"https:\/\/www.blackcarol.com\/index.php\/wp-json\/wp\/v2\/product_tag?post=3748"}],"curies":[{"name":"wp","href":"https:\/\/api.w.org\/{rel}","templated":true}]}}