{"id":3762,"date":"2024-11-26T13:49:25","date_gmt":"2024-11-26T12:49:25","guid":{"rendered":"https:\/\/www.blackcarol.com\/?post_type=product&#038;p=3762"},"modified":"2024-11-26T13:58:35","modified_gmt":"2024-11-26T12:58:35","slug":"sdj-210","status":"publish","type":"product","link":"https:\/\/www.blackcarol.com\/index.php\/product\/sdj-210\/","title":{"rendered":"SDJ 210"},"content":{"rendered":"","protected":false},"excerpt":{"rendered":"<p>Spodenki\u00a0 z bawe\u0142ny, lekko modeluj\u0105ce, ze zdobion\u0105 odpinana broszk\u0105, z kryszta\u0142k\u00f3w i szklanych koralik\u00f3w.<\/p>\n<p>Zapinane na zamek.<\/p>\n<p>Rozmiar pasa 60cm.<\/p>\n","protected":false},"featured_media":3767,"comment_status":"open","ping_status":"closed","template":"","meta":[],"product_brand":[],"product_cat":[169],"product_tag":[247,245,246,244],"class_list":{"0":"post-3762","1":"product","2":"type-product","3":"status-publish","4":"has-post-thumbnail","6":"product_cat-jeans","7":"product_tag-luksusowe-spodenki-damskie","8":"product_tag-spodenki-damkie","9":"product_tag-spodenki-z-jedwabiem","10":"product_tag-spodenki-z-materialu-chanel","12":"first","13":"instock","14":"taxable","15":"shipping-taxable","16":"purchasable","17":"product-type-simple"},"_links":{"self":[{"href":"https:\/\/www.blackcarol.com\/index.php\/wp-json\/wp\/v2\/product\/3762","targetHints":{"allow":["GET"]}}],"collection":[{"href":"https:\/\/www.blackcarol.com\/index.php\/wp-json\/wp\/v2\/product"}],"about":[{"href":"https:\/\/www.blackcarol.com\/index.php\/wp-json\/wp\/v2\/types\/product"}],"replies":[{"embeddable":true,"href":"https:\/\/www.blackcarol.com\/index.php\/wp-json\/wp\/v2\/comments?post=3762"}],"wp:featuredmedia":[{"embeddable":true,"href":"https:\/\/www.blackcarol.com\/index.php\/wp-json\/wp\/v2\/media\/3767"}],"wp:attachment":[{"href":"https:\/\/www.blackcarol.com\/index.php\/wp-json\/wp\/v2\/media?parent=3762"}],"wp:term":[{"taxonomy":"product_brand","embeddable":true,"href":"https:\/\/www.blackcarol.com\/index.php\/wp-json\/wp\/v2\/product_brand?post=3762"},{"taxonomy":"product_cat","embeddable":true,"href":"https:\/\/www.blackcarol.com\/index.php\/wp-json\/wp\/v2\/product_cat?post=3762"},{"taxonomy":"product_tag","embeddable":true,"href":"https:\/\/www.blackcarol.com\/index.php\/wp-json\/wp\/v2\/product_tag?post=3762"}],"curies":[{"name":"wp","href":"https:\/\/api.w.org\/{rel}","templated":true}]}}