{"id":3836,"date":"2024-11-27T21:05:15","date_gmt":"2024-11-27T20:05:15","guid":{"rendered":"https:\/\/www.blackcarol.com\/?post_type=product&#038;p=3836"},"modified":"2024-11-27T21:21:02","modified_gmt":"2024-11-27T20:21:02","slug":"sjd80-kopia","status":"publish","type":"product","link":"https:\/\/www.blackcarol.com\/index.php\/product\/sjd80-kopia\/","title":{"rendered":"ch120"},"content":{"rendered":"","protected":false},"excerpt":{"rendered":"<p>Torebka z materia\u0142u CHANEL, magnetyczne zapi\u0119cie. W \u015brodku obszyta bia\u0142\u0105 naturaln\u0105 sk\u00f3r\u0105. Dwa paski z pere\u0142 oraz z srebrnego \u0142a\u0144cuszka, o d\u0142ugo\u015bci 97cm.Pasek z \u0142a\u0144cuszka jest odpinany. Metka z logo; stal nierdzewna szczotkowana, wypalana laserowo.<\/p>\n<p>Wymiary: 13cmx13cmx5cm<\/p>\n<p>&nbsp;<\/p>\n<p>&nbsp;<\/p>\n<p>&nbsp;<\/p>\n","protected":false},"featured_media":3830,"comment_status":"open","ping_status":"closed","template":"","meta":[],"product_brand":[],"product_cat":[249],"product_tag":[255,250,253,257,256,254],"class_list":{"0":"post-3836","1":"product","2":"type-product","3":"status-publish","4":"has-post-thumbnail","6":"product_cat-luxury-accessories","7":"product_tag-male-torebki","8":"product_tag-mini-torebki","9":"product_tag-torebki-male-damskie","10":"product_tag-torebki-na-ramie","11":"product_tag-torebki-na-telefon","12":"product_tag-torebki-z-lancuszkiem","14":"first","15":"instock","16":"taxable","17":"shipping-taxable","18":"purchasable","19":"product-type-simple"},"_links":{"self":[{"href":"https:\/\/www.blackcarol.com\/index.php\/wp-json\/wp\/v2\/product\/3836","targetHints":{"allow":["GET"]}}],"collection":[{"href":"https:\/\/www.blackcarol.com\/index.php\/wp-json\/wp\/v2\/product"}],"about":[{"href":"https:\/\/www.blackcarol.com\/index.php\/wp-json\/wp\/v2\/types\/product"}],"replies":[{"embeddable":true,"href":"https:\/\/www.blackcarol.com\/index.php\/wp-json\/wp\/v2\/comments?post=3836"}],"wp:featuredmedia":[{"embeddable":true,"href":"https:\/\/www.blackcarol.com\/index.php\/wp-json\/wp\/v2\/media\/3830"}],"wp:attachment":[{"href":"https:\/\/www.blackcarol.com\/index.php\/wp-json\/wp\/v2\/media?parent=3836"}],"wp:term":[{"taxonomy":"product_brand","embeddable":true,"href":"https:\/\/www.blackcarol.com\/index.php\/wp-json\/wp\/v2\/product_brand?post=3836"},{"taxonomy":"product_cat","embeddable":true,"href":"https:\/\/www.blackcarol.com\/index.php\/wp-json\/wp\/v2\/product_cat?post=3836"},{"taxonomy":"product_tag","embeddable":true,"href":"https:\/\/www.blackcarol.com\/index.php\/wp-json\/wp\/v2\/product_tag?post=3836"}],"curies":[{"name":"wp","href":"https:\/\/api.w.org\/{rel}","templated":true}]}}