{"id":3851,"date":"2024-11-27T21:27:19","date_gmt":"2024-11-27T20:27:19","guid":{"rendered":"https:\/\/www.blackcarol.com\/?post_type=product&#038;p=3851"},"modified":"2024-11-27T21:39:05","modified_gmt":"2024-11-27T20:39:05","slug":"t98","status":"publish","type":"product","link":"https:\/\/www.blackcarol.com\/index.php\/product\/t98\/","title":{"rendered":"T98"},"content":{"rendered":"","protected":false},"excerpt":{"rendered":"<p>Torebka z w\u0142oskiego materia\u0142u- mieni\u0105ca si\u0119.\u00a0 Magnetyczne zapi\u0119cie. W \u015brodku obszyta czarn\u0105 naturaln\u0105 sk\u00f3r\u0105. Dwa paski; z\u00a0 koralik\u00f3w szklanych oraz z \u0142a\u0144cuszka\u00a0 opalizuj\u0105cego, o d\u0142ugo\u015bci 97cm. Pasek z \u0142a\u0144cuszka- jest odpinany. Metka z logo; stal nierdzewna szczotkowana, wypalana laserowo.<\/p>\n<p>Wymiary: 13cmx12cmx3cm<\/p>\n<p>&nbsp;<\/p>\n<p>&nbsp;<\/p>\n<p>&nbsp;<\/p>\n","protected":false},"featured_media":3859,"comment_status":"open","ping_status":"closed","template":"","meta":[],"product_brand":[],"product_cat":[249],"product_tag":[255,250,258,253,257,256,254],"class_list":{"0":"post-3851","1":"product","2":"type-product","3":"status-publish","4":"has-post-thumbnail","6":"product_cat-luxury-accessories","7":"product_tag-male-torebki","8":"product_tag-mini-torebki","9":"product_tag-small-womens-handbags","10":"product_tag-torebki-male-damskie","11":"product_tag-torebki-na-ramie","12":"product_tag-torebki-na-telefon","13":"product_tag-torebki-z-lancuszkiem","15":"first","16":"instock","17":"taxable","18":"shipping-taxable","19":"purchasable","20":"product-type-simple"},"_links":{"self":[{"href":"https:\/\/www.blackcarol.com\/index.php\/wp-json\/wp\/v2\/product\/3851","targetHints":{"allow":["GET"]}}],"collection":[{"href":"https:\/\/www.blackcarol.com\/index.php\/wp-json\/wp\/v2\/product"}],"about":[{"href":"https:\/\/www.blackcarol.com\/index.php\/wp-json\/wp\/v2\/types\/product"}],"replies":[{"embeddable":true,"href":"https:\/\/www.blackcarol.com\/index.php\/wp-json\/wp\/v2\/comments?post=3851"}],"wp:featuredmedia":[{"embeddable":true,"href":"https:\/\/www.blackcarol.com\/index.php\/wp-json\/wp\/v2\/media\/3859"}],"wp:attachment":[{"href":"https:\/\/www.blackcarol.com\/index.php\/wp-json\/wp\/v2\/media?parent=3851"}],"wp:term":[{"taxonomy":"product_brand","embeddable":true,"href":"https:\/\/www.blackcarol.com\/index.php\/wp-json\/wp\/v2\/product_brand?post=3851"},{"taxonomy":"product_cat","embeddable":true,"href":"https:\/\/www.blackcarol.com\/index.php\/wp-json\/wp\/v2\/product_cat?post=3851"},{"taxonomy":"product_tag","embeddable":true,"href":"https:\/\/www.blackcarol.com\/index.php\/wp-json\/wp\/v2\/product_tag?post=3851"}],"curies":[{"name":"wp","href":"https:\/\/api.w.org\/{rel}","templated":true}]}}