{"id":3871,"date":"2024-12-02T16:29:34","date_gmt":"2024-12-02T15:29:34","guid":{"rendered":"https:\/\/www.blackcarol.com\/?post_type=product&#038;p=3871"},"modified":"2024-12-02T16:35:00","modified_gmt":"2024-12-02T15:35:00","slug":"nsm980","status":"publish","type":"product","link":"https:\/\/www.blackcarol.com\/index.php\/product\/nsm980\/","title":{"rendered":"nsm980"},"content":{"rendered":"","protected":false},"excerpt":{"rendered":"<p>Naszyjnik mi\u015b, z kryszta\u0142kami Swarovskiego: oczy i \u0142ezka przy kokardce oraz koraliki, koraliki szklane.<\/p>\n<p>Naszyjnik wi\u0105zany na kokardk\u0119, regulowany.<\/p>\n<p>Logo ze stali nierdzewnej.<\/p>\n<p>D\u0142ugo\u015b\u0107 sznurka 86cm.<\/p>\n","protected":false},"featured_media":3874,"comment_status":"open","ping_status":"closed","template":"","meta":[],"product_brand":[],"product_cat":[140,249],"product_tag":[],"class_list":{"0":"post-3871","1":"product","2":"type-product","3":"status-publish","4":"has-post-thumbnail","6":"product_cat-blackcarol","7":"product_cat-luxury-accessories","9":"first","10":"instock","11":"taxable","12":"shipping-taxable","13":"purchasable","14":"product-type-simple"},"_links":{"self":[{"href":"https:\/\/www.blackcarol.com\/index.php\/wp-json\/wp\/v2\/product\/3871","targetHints":{"allow":["GET"]}}],"collection":[{"href":"https:\/\/www.blackcarol.com\/index.php\/wp-json\/wp\/v2\/product"}],"about":[{"href":"https:\/\/www.blackcarol.com\/index.php\/wp-json\/wp\/v2\/types\/product"}],"replies":[{"embeddable":true,"href":"https:\/\/www.blackcarol.com\/index.php\/wp-json\/wp\/v2\/comments?post=3871"}],"wp:featuredmedia":[{"embeddable":true,"href":"https:\/\/www.blackcarol.com\/index.php\/wp-json\/wp\/v2\/media\/3874"}],"wp:attachment":[{"href":"https:\/\/www.blackcarol.com\/index.php\/wp-json\/wp\/v2\/media?parent=3871"}],"wp:term":[{"taxonomy":"product_brand","embeddable":true,"href":"https:\/\/www.blackcarol.com\/index.php\/wp-json\/wp\/v2\/product_brand?post=3871"},{"taxonomy":"product_cat","embeddable":true,"href":"https:\/\/www.blackcarol.com\/index.php\/wp-json\/wp\/v2\/product_cat?post=3871"},{"taxonomy":"product_tag","embeddable":true,"href":"https:\/\/www.blackcarol.com\/index.php\/wp-json\/wp\/v2\/product_tag?post=3871"}],"curies":[{"name":"wp","href":"https:\/\/api.w.org\/{rel}","templated":true}]}}