{"id":3875,"date":"2024-12-02T17:20:29","date_gmt":"2024-12-02T16:20:29","guid":{"rendered":"https:\/\/www.blackcarol.com\/?post_type=product&#038;p=3875"},"modified":"2024-12-02T17:24:32","modified_gmt":"2024-12-02T16:24:32","slug":"nsm983","status":"publish","type":"product","link":"https:\/\/www.blackcarol.com\/index.php\/product\/nsm983\/","title":{"rendered":"nsm983"},"content":{"rendered":"","protected":false},"excerpt":{"rendered":"<p>Naszyjnik mi\u015b, z kryszta\u0142kami Swarovskiego: oczy i \u0142ezka przy kokardce oraz koraliki, koraliki szklane.<\/p>\n<p>Naszyjnik wi\u0105zany na kokardk\u0119, regulowany.<\/p>\n<p>Logo ze stali nierdzewnej.<\/p>\n<p>D\u0142ugo\u015b\u0107 sznurka 70cm.<\/p>\n","protected":false},"featured_media":3876,"comment_status":"open","ping_status":"closed","template":"","meta":[],"product_brand":[],"product_cat":[140,249],"product_tag":[261,260,259],"class_list":{"0":"post-3875","1":"product","2":"type-product","3":"status-publish","4":"has-post-thumbnail","6":"product_cat-blackcarol","7":"product_cat-luxury-accessories","8":"product_tag-naszyjnik-black-carol","9":"product_tag-naszyjnik-mis","10":"product_tag-naszyjnik-z-krysztalkami-swarovskiego","12":"first","13":"instock","14":"taxable","15":"shipping-taxable","16":"purchasable","17":"product-type-simple"},"_links":{"self":[{"href":"https:\/\/www.blackcarol.com\/index.php\/wp-json\/wp\/v2\/product\/3875","targetHints":{"allow":["GET"]}}],"collection":[{"href":"https:\/\/www.blackcarol.com\/index.php\/wp-json\/wp\/v2\/product"}],"about":[{"href":"https:\/\/www.blackcarol.com\/index.php\/wp-json\/wp\/v2\/types\/product"}],"replies":[{"embeddable":true,"href":"https:\/\/www.blackcarol.com\/index.php\/wp-json\/wp\/v2\/comments?post=3875"}],"wp:featuredmedia":[{"embeddable":true,"href":"https:\/\/www.blackcarol.com\/index.php\/wp-json\/wp\/v2\/media\/3876"}],"wp:attachment":[{"href":"https:\/\/www.blackcarol.com\/index.php\/wp-json\/wp\/v2\/media?parent=3875"}],"wp:term":[{"taxonomy":"product_brand","embeddable":true,"href":"https:\/\/www.blackcarol.com\/index.php\/wp-json\/wp\/v2\/product_brand?post=3875"},{"taxonomy":"product_cat","embeddable":true,"href":"https:\/\/www.blackcarol.com\/index.php\/wp-json\/wp\/v2\/product_cat?post=3875"},{"taxonomy":"product_tag","embeddable":true,"href":"https:\/\/www.blackcarol.com\/index.php\/wp-json\/wp\/v2\/product_tag?post=3875"}],"curies":[{"name":"wp","href":"https:\/\/api.w.org\/{rel}","templated":true}]}}