{"id":3878,"date":"2024-12-05T18:32:47","date_gmt":"2024-12-05T17:32:47","guid":{"rendered":"https:\/\/www.blackcarol.com\/?post_type=product&#038;p=3878"},"modified":"2024-12-05T18:36:16","modified_gmt":"2024-12-05T17:36:16","slug":"nsm985","status":"publish","type":"product","link":"https:\/\/www.blackcarol.com\/index.php\/product\/nsm985\/","title":{"rendered":"nsm985"},"content":{"rendered":"","protected":false},"excerpt":{"rendered":"<p>Naszyjnik mi\u015b, z kryszta\u0142kami Swarovskiego: oczy i \u0142ezka przy kokardce oraz koraliki, koraliki szklane.<\/p>\n<p>Naszyjnik wi\u0105zany na kokardk\u0119, regulowany.<\/p>\n<p>Logo ze stali nierdzewnej.<\/p>\n<p>D\u0142ugo\u015b\u0107 sznurka 68cm<\/p>\n","protected":false},"featured_media":3879,"comment_status":"open","ping_status":"closed","template":"","meta":[],"product_brand":[],"product_cat":[140,249],"product_tag":[263,261,260,259,262],"class_list":{"0":"post-3878","1":"product","2":"type-product","3":"status-publish","4":"has-post-thumbnail","6":"product_cat-blackcarol","7":"product_cat-luxury-accessories","8":"product_tag-luksusowe-naszyjniki","9":"product_tag-naszyjnik-black-carol","10":"product_tag-naszyjnik-mis","11":"product_tag-naszyjnik-z-krysztalkami-swarovskiego","12":"product_tag-naszyjniki-damskie","14":"first","15":"instock","16":"taxable","17":"shipping-taxable","18":"purchasable","19":"product-type-simple"},"_links":{"self":[{"href":"https:\/\/www.blackcarol.com\/index.php\/wp-json\/wp\/v2\/product\/3878","targetHints":{"allow":["GET"]}}],"collection":[{"href":"https:\/\/www.blackcarol.com\/index.php\/wp-json\/wp\/v2\/product"}],"about":[{"href":"https:\/\/www.blackcarol.com\/index.php\/wp-json\/wp\/v2\/types\/product"}],"replies":[{"embeddable":true,"href":"https:\/\/www.blackcarol.com\/index.php\/wp-json\/wp\/v2\/comments?post=3878"}],"wp:featuredmedia":[{"embeddable":true,"href":"https:\/\/www.blackcarol.com\/index.php\/wp-json\/wp\/v2\/media\/3879"}],"wp:attachment":[{"href":"https:\/\/www.blackcarol.com\/index.php\/wp-json\/wp\/v2\/media?parent=3878"}],"wp:term":[{"taxonomy":"product_brand","embeddable":true,"href":"https:\/\/www.blackcarol.com\/index.php\/wp-json\/wp\/v2\/product_brand?post=3878"},{"taxonomy":"product_cat","embeddable":true,"href":"https:\/\/www.blackcarol.com\/index.php\/wp-json\/wp\/v2\/product_cat?post=3878"},{"taxonomy":"product_tag","embeddable":true,"href":"https:\/\/www.blackcarol.com\/index.php\/wp-json\/wp\/v2\/product_tag?post=3878"}],"curies":[{"name":"wp","href":"https:\/\/api.w.org\/{rel}","templated":true}]}}