{"id":3881,"date":"2024-12-05T18:37:00","date_gmt":"2024-12-05T17:37:00","guid":{"rendered":"https:\/\/www.blackcarol.com\/?post_type=product&#038;p=3881"},"modified":"2024-12-05T18:38:49","modified_gmt":"2024-12-05T17:38:49","slug":"nsm989","status":"publish","type":"product","link":"https:\/\/www.blackcarol.com\/index.php\/product\/nsm989\/","title":{"rendered":"nsm989"},"content":{"rendered":"","protected":false},"excerpt":{"rendered":"<p>Bransoletka mi\u015b, z kryszta\u0142kami Swarovskiego: oczy i \u0142ezka przy kokardce oraz koraliki, koraliki szklane.<\/p>\n<p>Naszyjnik wi\u0105zany na kokardk\u0119, regulowany.<\/p>\n<p>&nbsp;<\/p>\n<p>&nbsp;<\/p>\n","protected":false},"featured_media":3883,"comment_status":"open","ping_status":"closed","template":"","meta":[],"product_brand":[],"product_cat":[140,249],"product_tag":[263,261,260,259,262],"class_list":{"0":"post-3881","1":"product","2":"type-product","3":"status-publish","4":"has-post-thumbnail","6":"product_cat-blackcarol","7":"product_cat-luxury-accessories","8":"product_tag-luksusowe-naszyjniki","9":"product_tag-naszyjnik-black-carol","10":"product_tag-naszyjnik-mis","11":"product_tag-naszyjnik-z-krysztalkami-swarovskiego","12":"product_tag-naszyjniki-damskie","14":"first","15":"instock","16":"taxable","17":"shipping-taxable","18":"purchasable","19":"product-type-simple"},"_links":{"self":[{"href":"https:\/\/www.blackcarol.com\/index.php\/wp-json\/wp\/v2\/product\/3881","targetHints":{"allow":["GET"]}}],"collection":[{"href":"https:\/\/www.blackcarol.com\/index.php\/wp-json\/wp\/v2\/product"}],"about":[{"href":"https:\/\/www.blackcarol.com\/index.php\/wp-json\/wp\/v2\/types\/product"}],"replies":[{"embeddable":true,"href":"https:\/\/www.blackcarol.com\/index.php\/wp-json\/wp\/v2\/comments?post=3881"}],"wp:featuredmedia":[{"embeddable":true,"href":"https:\/\/www.blackcarol.com\/index.php\/wp-json\/wp\/v2\/media\/3883"}],"wp:attachment":[{"href":"https:\/\/www.blackcarol.com\/index.php\/wp-json\/wp\/v2\/media?parent=3881"}],"wp:term":[{"taxonomy":"product_brand","embeddable":true,"href":"https:\/\/www.blackcarol.com\/index.php\/wp-json\/wp\/v2\/product_brand?post=3881"},{"taxonomy":"product_cat","embeddable":true,"href":"https:\/\/www.blackcarol.com\/index.php\/wp-json\/wp\/v2\/product_cat?post=3881"},{"taxonomy":"product_tag","embeddable":true,"href":"https:\/\/www.blackcarol.com\/index.php\/wp-json\/wp\/v2\/product_tag?post=3881"}],"curies":[{"name":"wp","href":"https:\/\/api.w.org\/{rel}","templated":true}]}}