{"id":3886,"date":"2024-12-05T18:43:42","date_gmt":"2024-12-05T17:43:42","guid":{"rendered":"https:\/\/www.blackcarol.com\/?post_type=product&#038;p=3886"},"modified":"2024-12-05T19:17:19","modified_gmt":"2024-12-05T18:17:19","slug":"nsm40","status":"publish","type":"product","link":"https:\/\/www.blackcarol.com\/index.php\/product\/nsm40\/","title":{"rendered":"nsm40"},"content":{"rendered":"","protected":false},"excerpt":{"rendered":"<p>Naszyjniki z kryszta\u0142kami Swarovskiego: czarny, niebieskie i lekko r\u00f3\u017cowe oraz koraliki szklane.<\/p>\n<p>D\u0142ugo\u015b\u0107 naszyjnika 60 cm.<\/p>\n<p>&nbsp;<\/p>\n","protected":false},"featured_media":3898,"comment_status":"open","ping_status":"closed","template":"","meta":[],"product_brand":[],"product_cat":[140,249],"product_tag":[263,261,260,259,262],"class_list":{"0":"post-3886","1":"product","2":"type-product","3":"status-publish","4":"has-post-thumbnail","6":"product_cat-blackcarol","7":"product_cat-luxury-accessories","8":"product_tag-luksusowe-naszyjniki","9":"product_tag-naszyjnik-black-carol","10":"product_tag-naszyjnik-mis","11":"product_tag-naszyjnik-z-krysztalkami-swarovskiego","12":"product_tag-naszyjniki-damskie","14":"first","15":"instock","16":"taxable","17":"shipping-taxable","18":"purchasable","19":"product-type-simple"},"_links":{"self":[{"href":"https:\/\/www.blackcarol.com\/index.php\/wp-json\/wp\/v2\/product\/3886","targetHints":{"allow":["GET"]}}],"collection":[{"href":"https:\/\/www.blackcarol.com\/index.php\/wp-json\/wp\/v2\/product"}],"about":[{"href":"https:\/\/www.blackcarol.com\/index.php\/wp-json\/wp\/v2\/types\/product"}],"replies":[{"embeddable":true,"href":"https:\/\/www.blackcarol.com\/index.php\/wp-json\/wp\/v2\/comments?post=3886"}],"wp:featuredmedia":[{"embeddable":true,"href":"https:\/\/www.blackcarol.com\/index.php\/wp-json\/wp\/v2\/media\/3898"}],"wp:attachment":[{"href":"https:\/\/www.blackcarol.com\/index.php\/wp-json\/wp\/v2\/media?parent=3886"}],"wp:term":[{"taxonomy":"product_brand","embeddable":true,"href":"https:\/\/www.blackcarol.com\/index.php\/wp-json\/wp\/v2\/product_brand?post=3886"},{"taxonomy":"product_cat","embeddable":true,"href":"https:\/\/www.blackcarol.com\/index.php\/wp-json\/wp\/v2\/product_cat?post=3886"},{"taxonomy":"product_tag","embeddable":true,"href":"https:\/\/www.blackcarol.com\/index.php\/wp-json\/wp\/v2\/product_tag?post=3886"}],"curies":[{"name":"wp","href":"https:\/\/api.w.org\/{rel}","templated":true}]}}