{"id":4008,"date":"2025-10-20T13:16:46","date_gmt":"2025-10-20T11:16:46","guid":{"rendered":"https:\/\/www.blackcarol.com\/?post_type=product&#038;p=4008"},"modified":"2025-10-20T13:21:05","modified_gmt":"2025-10-20T11:21:05","slug":"bbvf27","status":"publish","type":"product","link":"https:\/\/www.blackcarol.com\/index.php\/product\/bbvf27\/","title":{"rendered":"BbVF27"},"content":{"rendered":"<p>T-shirt z luksusowej bawe\u0142ny Supima 100% z Vesp\u0105, ze stali nierdzewnej szczotkowanej.<\/p>\n<p>Pra\u0107 na lewej stronie,\u00a0 w temperaturze 30-40 stopni.<\/p>\n<p>Dekolt w kszta\u0142cie &#8220;V&#8221;<\/p>\n","protected":false},"excerpt":{"rendered":"<p>T-shirt z luksusowej bawe\u0142ny Supima 100% z Vesp\u0105, ze stali nierdzewnej szczotkowanej. Pra\u0107 na lewej stronie,\u00a0 w temperaturze 30-40 stopni. Dekolt w kszta\u0142cie &#8220;V&#8221;<\/p>\n","protected":false},"featured_media":4010,"comment_status":"open","ping_status":"closed","template":"","meta":[],"product_brand":[],"product_cat":[140,163,164],"product_tag":[275,270,276,272,269,274,271,273],"class_list":{"0":"post-4008","1":"product","2":"type-product","3":"status-publish","4":"has-post-thumbnail","6":"product_cat-blackcarol","7":"product_cat-mens-tshirts","8":"product_cat-supima","9":"product_tag-t-shirt-bialy-z-vespa","10":"product_tag-t-shirt-czarny-meski","11":"product_tag-t-shirt-czarny-meski-z-vespa","12":"product_tag-t-shirt-meski-czarny-elegancki","13":"product_tag-t-shirt-meski-supima","14":"product_tag-t-shirt-meski-z-ferrari","15":"product_tag-t-shirt-meski-z-vespa","16":"product_tag-t-shirt-z-ferrari","18":"first","19":"instock","20":"taxable","21":"shipping-taxable","22":"purchasable","23":"product-type-simple"},"_links":{"self":[{"href":"https:\/\/www.blackcarol.com\/index.php\/wp-json\/wp\/v2\/product\/4008","targetHints":{"allow":["GET"]}}],"collection":[{"href":"https:\/\/www.blackcarol.com\/index.php\/wp-json\/wp\/v2\/product"}],"about":[{"href":"https:\/\/www.blackcarol.com\/index.php\/wp-json\/wp\/v2\/types\/product"}],"replies":[{"embeddable":true,"href":"https:\/\/www.blackcarol.com\/index.php\/wp-json\/wp\/v2\/comments?post=4008"}],"wp:featuredmedia":[{"embeddable":true,"href":"https:\/\/www.blackcarol.com\/index.php\/wp-json\/wp\/v2\/media\/4010"}],"wp:attachment":[{"href":"https:\/\/www.blackcarol.com\/index.php\/wp-json\/wp\/v2\/media?parent=4008"}],"wp:term":[{"taxonomy":"product_brand","embeddable":true,"href":"https:\/\/www.blackcarol.com\/index.php\/wp-json\/wp\/v2\/product_brand?post=4008"},{"taxonomy":"product_cat","embeddable":true,"href":"https:\/\/www.blackcarol.com\/index.php\/wp-json\/wp\/v2\/product_cat?post=4008"},{"taxonomy":"product_tag","embeddable":true,"href":"https:\/\/www.blackcarol.com\/index.php\/wp-json\/wp\/v2\/product_tag?post=4008"}],"curies":[{"name":"wp","href":"https:\/\/api.w.org\/{rel}","templated":true}]}}