{"id":4049,"date":"2025-10-20T14:09:02","date_gmt":"2025-10-20T12:09:02","guid":{"rendered":"https:\/\/www.blackcarol.com\/?post_type=product&#038;p=4049"},"modified":"2025-10-20T14:11:41","modified_gmt":"2025-10-20T12:11:41","slug":"tb7210","status":"publish","type":"product","link":"https:\/\/www.blackcarol.com\/index.php\/product\/tb7210\/","title":{"rendered":"TB7210"},"content":{"rendered":"<p>Supima zdecydowanie wyr\u00f3\u017cnia si\u0119 na ich tle, nie tylko przez wzgl\u0105d na jej wyj\u0105tkowe w\u0142a\u015bciwo\u015bci i trwa\u0142o\u015b\u0107, ale tak\u017ce na ekologiczny proces uprawy. Stanowi ona jedynie 1% ca\u0142ej bawe\u0142ny uprawianej na \u015bwiecie i jest uprawiana w USA.<\/p>\n<p>Najtrwalsza i najrzadsza bawe\u0142na swiata.<\/p>\n<p>Dekolt w kszta\u0142cie &#8220;U&#8221;<\/p>\n<p>Pra\u0107 w 30-40 stopni.<\/p>\n","protected":false},"excerpt":{"rendered":"<p>Supima zdecydowanie wyr\u00f3\u017cnia si\u0119 na ich tle, nie tylko przez wzgl\u0105d na jej wyj\u0105tkowe w\u0142a\u015bciwo\u015bci i trwa\u0142o\u015b\u0107, ale tak\u017ce na ekologiczny proces uprawy. Stanowi ona jedynie 1% ca\u0142ej bawe\u0142ny uprawianej na \u015bwiecie i jest uprawiana w USA. Najtrwalsza i najrzadsza bawe\u0142na swiata. Dekolt w kszta\u0142cie &#8220;U&#8221; Pra\u0107 w 30-40 stopni.<\/p>\n","protected":false},"featured_media":4050,"comment_status":"open","ping_status":"closed","template":"","meta":[],"product_brand":[],"product_cat":[140,163,164],"product_tag":[179,178,183],"class_list":{"0":"post-4049","1":"product","2":"type-product","3":"status-publish","4":"has-post-thumbnail","6":"product_cat-blackcarol","7":"product_cat-mens-tshirts","8":"product_cat-supima","9":"product_tag-bawelna-supima","10":"product_tag-supima-cotton","11":"product_tag-t-shirty-z-bawelny-supimy","13":"first","14":"instock","15":"taxable","16":"shipping-taxable","17":"purchasable","18":"product-type-simple"},"_links":{"self":[{"href":"https:\/\/www.blackcarol.com\/index.php\/wp-json\/wp\/v2\/product\/4049","targetHints":{"allow":["GET"]}}],"collection":[{"href":"https:\/\/www.blackcarol.com\/index.php\/wp-json\/wp\/v2\/product"}],"about":[{"href":"https:\/\/www.blackcarol.com\/index.php\/wp-json\/wp\/v2\/types\/product"}],"replies":[{"embeddable":true,"href":"https:\/\/www.blackcarol.com\/index.php\/wp-json\/wp\/v2\/comments?post=4049"}],"wp:featuredmedia":[{"embeddable":true,"href":"https:\/\/www.blackcarol.com\/index.php\/wp-json\/wp\/v2\/media\/4050"}],"wp:attachment":[{"href":"https:\/\/www.blackcarol.com\/index.php\/wp-json\/wp\/v2\/media?parent=4049"}],"wp:term":[{"taxonomy":"product_brand","embeddable":true,"href":"https:\/\/www.blackcarol.com\/index.php\/wp-json\/wp\/v2\/product_brand?post=4049"},{"taxonomy":"product_cat","embeddable":true,"href":"https:\/\/www.blackcarol.com\/index.php\/wp-json\/wp\/v2\/product_cat?post=4049"},{"taxonomy":"product_tag","embeddable":true,"href":"https:\/\/www.blackcarol.com\/index.php\/wp-json\/wp\/v2\/product_tag?post=4049"}],"curies":[{"name":"wp","href":"https:\/\/api.w.org\/{rel}","templated":true}]}}