{"id":4055,"date":"2025-10-22T21:54:40","date_gmt":"2025-10-22T19:54:40","guid":{"rendered":"https:\/\/www.blackcarol.com\/?post_type=product&#038;p=4055"},"modified":"2025-10-22T22:03:03","modified_gmt":"2025-10-22T20:03:03","slug":"tou22","status":"publish","type":"product","link":"https:\/\/www.blackcarol.com\/index.php\/product\/tou22\/","title":{"rendered":"TOU22"},"content":{"rendered":"<h2>W\u0142a\u015bciwo\u015bci bawe\u0142ny organicznej<\/h2>\n<p><strong>Bawe\u0142na jest naturalnym i przewiewnym materia\u0142em. <\/strong>Dzi\u0119ki temu w ubraniach z tej tkaniny <strong>sk\u00f3ra mo\u017ce oddycha\u0107, nie poci si\u0119 nadmiernie i nie odparza.<\/strong> \u015awietnie ch\u0142onie wilgo\u0107, przez co jest wykorzystywana do produkcji \u015brodk\u00f3w opatrunkowych oraz bielizny czy te\u017c r\u0119cznik\u00f3w.<strong> Tkaniny te s\u0105 tak\u017ce trwa\u0142e.<\/strong><\/p>\n<h3><strong>Czym charakteryzuje si\u0119 bawe\u0142na organiczna?<\/strong><\/h3>\n<p><strong>&#8211; jest trwalsza. <\/strong>Tkanina z bawe\u0142ny ekologicznej jest tworzona za pomoc\u0105 g\u0119stszego splotu, dzi\u0119ki czemu nie wyciera, a po wielokrotnym praniu i suszeniu nadal wygl\u0105da bardzo dobre. W\u0142\u00f3kna s\u0105 tak\u017ce grubsze, dzi\u0119ki czemu tkanina<strong> nie rozci\u0105ga si\u0119.\u00a0<\/strong><\/p>\n<p><strong>&#8211; jest antyalergiczna.<\/strong> To najlepszy mo\u017cliwy wyb\u00f3r dla alergik\u00f3w oraz noworodk\u00f3w i niemowl\u0105t. Bawe\u0142na konwencjonalna mo\u017ce uczula\u0107, poniewa\u017c znajduje si\u0119 na niej wiele r\u00f3\u017cnego rodzaju substancji chemicznych czy \u015brodk\u00f3w owadob\u00f3jczych, kt\u00f3rych pr\u00f3\u017cno szuka\u0107 na organicznej odmianie, kt\u00f3ra nie podra\u017cnia nawet najwra\u017cliwszej sk\u00f3ry.<\/p>\n<p><strong>-ma w\u0142a\u015bciwo\u015bci termoregulacyjne.<\/strong> Utrzymuje ciep\u0142ot\u0119 cia\u0142a. Oznacza to, \u017ce ubrania z bio bawe\u0142ny s\u0105 ciep\u0142e i zapewniaj\u0105 \u015bwietn\u0105 izolacj\u0119 termiczn\u0105. A gdy jest gor\u0105co, chroni przed przegrzaniem, poniewa\u017c jest przewiewna.<\/p>\n<p><strong>&#8211; jest przyjazna \u015brodowisku. <\/strong>Proces jej uprawy oraz p\u00f3\u017aniejszej produkcji pozbawiony jest szkodliwej chemii, kt\u00f3ra mog\u0142aby negatywnie wp\u0142ywa\u0107 na \u015brodowisko. Produkcja organiczna pozwala wykorzystywa\u0107 naturalne \u015brodki ochrony i nawozy.<\/p>\n<p><strong>&#8211; \u015bwietnie odprowadza wilgo\u0107. <\/strong>Grubsze w\u0142\u00f3kna bawe\u0142ny organicznej dobrze ch\u0142on\u0105 wilgo\u0107, dzi\u0119ki czemu sk\u00f3ra pozostaje sucha i mo\u017cemy cieszy\u0107 si\u0119 wi\u0119kszym komfortem.<\/p>\n<p><strong>&#8211; jest bezpieczna,<\/strong> poniewa\u017c musi posiada\u0107 certyfikaty, kt\u00f3re zapewniaj\u0105 o jej ekologicznej uprawie i pochodzeniu. Dzi\u0119ki temu mo\u017cemy mie\u0107 pewno\u015b\u0107, \u017ce materia\u0142 b\u0119dzie w pe\u0142ni bezpieczny nawet dla najwi\u0119kszych alergik\u00f3w.<\/p>\n<p><strong>&#8211; jest przyjemna w dotyku. <\/strong>Wysokiej jako\u015bci materia\u0142 jest bardzo mi\u0119kki, delikatny i mi\u0142y w dotyku. W przypadku odmiany przemys\u0142owej ilo\u015b\u0107 i jako\u015b\u0107 chemicznych \u015brodk\u00f3w wp\u0142ywa negatywnie r\u00f3wnie\u017c na produkcj\u0119 tkaniny. Jej jako\u015b\u0107 i delikatno\u015b\u0107 znacznie odbiega od tej z upraw ekologicznych. To jeden z naj\u0142atwiejszych sposob\u00f3w, aby rozpozna\u0107 organiczn\u0105 odmian\u0119. Dzi\u0119ki temu sprawdzi si\u0119 \u015bwietnie dla os\u00f3b, kt\u00f3rym przeszkadzaj\u0105 szorstkie faktury, maj\u0105 wra\u017cliw\u0105 sk\u00f3r\u0119 czy te\u017c dla niemowlak\u00f3w.<\/p>\n","protected":false},"excerpt":{"rendered":"<p><span data-huuid=\"2115855588291822822\">T-shirt z bawe\u0142ny organicznej, ekologicznej z certyfikatem Oeco Tex.\u00a0<\/span><\/p>\n<p><span data-huuid=\"2115855588291822822\">Metka: Cafe racer, stal nierdzewna, szczotkowana. <\/span><\/p>\n<p>Pra\u0107 w 30-40 stopniach, na lewej stronie.<\/p>\n<p>Dekolt w kszta\u0142cie &#8220;U&#8221;<\/p>\n<p><span data-huuid=\"2115855588291822822\">Bawe\u0142na organiczna, zwana r\u00f3wnie\u017c biobawe\u0142n\u0105, to materia\u0142 pochodz\u0105cy z ekologicznych upraw, kt\u00f3re s\u0105 wolne od syntetycznych pestycyd\u00f3w, herbicyd\u00f3w i sztucznych nawoz\u00f3w. <\/span><span data-huuid=\"2115855588291825149\">Zamiast nich stosuje si\u0119 naturalne metody uprawy, takie jak kompostowanie, zmianowanie ro\u015blin czy wykorzystanie naturalnych \u015brodk\u00f3w odstraszaj\u0105cych szkodniki. <\/span><span data-huuid=\"2115855588291823380\">Bawe\u0142na organiczna jest bardziej przyjazna dla \u015brodowiska i ludzkiego zdrowia, a tak\u017ce jest bardziej trwa\u0142a i hipoalergiczna.<span class=\"pjBG2e\" data-cid=\"41a99064-7daa-4029-9590-46b8d55e1544\"><span class=\"UV3uM\">\u00a0<\/span><\/span><\/span><\/p>\n<div class=\"NPrrbc\" data-cid=\"41a99064-7daa-4029-9590-46b8d55e1544\" data-uuids=\"2115855588291822822,2115855588291825149,2115855588291823380\">\n<div class=\"BMebGe btku5b LwdV0e FR7ZSc OJeuxf\" tabindex=\"0\" role=\"button\" aria-label=\"Wy\u015bwietl powi\u0105zane materia\u0142y\" data-hveid=\"CD0QAQ\" data-ved=\"2ahUKEwjA6anaxriQAxVRc_EDHXCtJisQ3fYKegQIPRAB\">\n<div class=\"niO4u\"><\/div>\n<\/div>\n<\/div>\n","protected":false},"featured_media":4056,"comment_status":"open","ping_status":"closed","template":"","meta":[],"product_brand":[],"product_cat":[165,140,163],"product_tag":[280,282,264,270,284,283,286,287,285,281],"class_list":{"0":"post-4055","1":"product","2":"type-product","3":"status-publish","4":"has-post-thumbnail","6":"product_cat-bawelna-organiczna","7":"product_cat-blackcarol","8":"product_cat-mens-tshirts","9":"product_tag-bawelnaorganiczna-t-shirtm","10":"product_tag-t-shgirt-meski-z-bawelny-luksusowej","11":"product_tag-t-shirt-bialy-meski","12":"product_tag-t-shirt-czarny-meski","13":"product_tag-t-shirt-meski-z-bawelny-eco","14":"product_tag-t-shirt-z-bawelny-eco","15":"product_tag-t-shirt-z-moto","16":"product_tag-t-shirt-z-motosportem","17":"product_tag-t-shirty-na-wymiar","18":"product_tag-tg-shirt-meski","20":"first","21":"instock","22":"taxable","23":"shipping-taxable","24":"purchasable","25":"product-type-simple"},"_links":{"self":[{"href":"https:\/\/www.blackcarol.com\/index.php\/wp-json\/wp\/v2\/product\/4055","targetHints":{"allow":["GET"]}}],"collection":[{"href":"https:\/\/www.blackcarol.com\/index.php\/wp-json\/wp\/v2\/product"}],"about":[{"href":"https:\/\/www.blackcarol.com\/index.php\/wp-json\/wp\/v2\/types\/product"}],"replies":[{"embeddable":true,"href":"https:\/\/www.blackcarol.com\/index.php\/wp-json\/wp\/v2\/comments?post=4055"}],"wp:featuredmedia":[{"embeddable":true,"href":"https:\/\/www.blackcarol.com\/index.php\/wp-json\/wp\/v2\/media\/4056"}],"wp:attachment":[{"href":"https:\/\/www.blackcarol.com\/index.php\/wp-json\/wp\/v2\/media?parent=4055"}],"wp:term":[{"taxonomy":"product_brand","embeddable":true,"href":"https:\/\/www.blackcarol.com\/index.php\/wp-json\/wp\/v2\/product_brand?post=4055"},{"taxonomy":"product_cat","embeddable":true,"href":"https:\/\/www.blackcarol.com\/index.php\/wp-json\/wp\/v2\/product_cat?post=4055"},{"taxonomy":"product_tag","embeddable":true,"href":"https:\/\/www.blackcarol.com\/index.php\/wp-json\/wp\/v2\/product_tag?post=4055"}],"curies":[{"name":"wp","href":"https:\/\/api.w.org\/{rel}","templated":true}]}}