{"id":4159,"date":"2025-11-06T20:27:07","date_gmt":"2025-11-06T19:27:07","guid":{"rendered":"https:\/\/www.blackcarol.com\/?post_type=product&#038;p=4159"},"modified":"2025-11-09T23:22:22","modified_gmt":"2025-11-09T22:22:22","slug":"up12","status":"publish","type":"product","link":"https:\/\/www.blackcarol.com\/index.php\/product\/up12\/","title":{"rendered":"UP12"},"content":{"rendered":"<p>Ubranko wykonane, z bardzo mi\u0119kkiego materia\u0142u, ozdobione dodatkowo\u00a0 \u0142osiami.<\/p>\n<p>Odzie\u017c na zdj\u0119ciu, szyta na miar\u0119.<\/p>\n<p>Cena zawiera\u00a0 form\u0119.<\/p>\n<p>Na zam\u00f3wienie- ka\u017cdy rozmiar- dla psa i kota.<\/p>\n<p>Wymagane s\u0105 trzy wymiary:<\/p>\n<p>S=obw\u00f3d szyi (cm)<\/p>\n<p>O=obw\u00f3d klatki piersiowej (cm)<\/p>\n<p>D=d\u0142ugo\u015b\u0107 od karku do pocz\u0105tku ogona.<\/p>\n<p>2-3 dni- wysy\u0142ka.<\/p>\n<p>&nbsp;<\/p>\n<p>&nbsp;<\/p>\n","protected":false},"excerpt":{"rendered":"<p>Ubranko wykonane, z bardzo mi\u0119kkiego materia\u0142u, ozdobione dodatkowo\u00a0 \u0142osiami. Odzie\u017c na zdj\u0119ciu, szyta na miar\u0119. Cena zawiera\u00a0 form\u0119. Na zam\u00f3wienie- ka\u017cdy rozmiar- dla psa i kota. Wymagane s\u0105 trzy wymiary: S=obw\u00f3d szyi (cm) O=obw\u00f3d klatki piersiowej (cm) D=d\u0142ugo\u015b\u0107 od karku do pocz\u0105tku ogona. 2-3 dni- wysy\u0142ka. &nbsp; &nbsp;<\/p>\n","protected":false},"featured_media":4160,"comment_status":"open","ping_status":"closed","template":"","meta":[],"product_brand":[],"product_cat":[140,296],"product_tag":[308,300,298,302,297,306,307,299,301,304,305,303],"class_list":{"0":"post-4159","1":"product","2":"type-product","3":"status-publish","4":"has-post-thumbnail","6":"product_cat-blackcarol","7":"product_cat-clothes-and-accessories-for-dogs-and-cats","8":"product_tag-switeczne-ubranka-dla-kota","9":"product_tag-ubranka-dla-chiiahuua","10":"product_tag-ubranka-dla-kota","11":"product_tag-ubranka-dla-malych-pieskow","12":"product_tag-ubranka-dla-psa","13":"product_tag-ubranka-dla-psa-na-zamowienie","14":"product_tag-ubranka-dla-psa-warszawa","15":"product_tag-ubranka-dla-pudla-miniaturoego","16":"product_tag-ubranka-dla-szpicaminiaturowego","17":"product_tag-ubranka-lda-psa-swiateczne","18":"product_tag-ubranka-na-zime-dla-kota","19":"product_tag-uranka-dla-psa-na-zime","21":"first","22":"instock","23":"sale","24":"taxable","25":"shipping-taxable","26":"purchasable","27":"product-type-simple"},"_links":{"self":[{"href":"https:\/\/www.blackcarol.com\/index.php\/wp-json\/wp\/v2\/product\/4159","targetHints":{"allow":["GET"]}}],"collection":[{"href":"https:\/\/www.blackcarol.com\/index.php\/wp-json\/wp\/v2\/product"}],"about":[{"href":"https:\/\/www.blackcarol.com\/index.php\/wp-json\/wp\/v2\/types\/product"}],"replies":[{"embeddable":true,"href":"https:\/\/www.blackcarol.com\/index.php\/wp-json\/wp\/v2\/comments?post=4159"}],"wp:featuredmedia":[{"embeddable":true,"href":"https:\/\/www.blackcarol.com\/index.php\/wp-json\/wp\/v2\/media\/4160"}],"wp:attachment":[{"href":"https:\/\/www.blackcarol.com\/index.php\/wp-json\/wp\/v2\/media?parent=4159"}],"wp:term":[{"taxonomy":"product_brand","embeddable":true,"href":"https:\/\/www.blackcarol.com\/index.php\/wp-json\/wp\/v2\/product_brand?post=4159"},{"taxonomy":"product_cat","embeddable":true,"href":"https:\/\/www.blackcarol.com\/index.php\/wp-json\/wp\/v2\/product_cat?post=4159"},{"taxonomy":"product_tag","embeddable":true,"href":"https:\/\/www.blackcarol.com\/index.php\/wp-json\/wp\/v2\/product_tag?post=4159"}],"curies":[{"name":"wp","href":"https:\/\/api.w.org\/{rel}","templated":true}]}}